{"id":169,"date":"2019-01-22T20:17:03","date_gmt":"2019-01-22T19:17:03","guid":{"rendered":"https:\/\/rftech.info\/?page_id=169"},"modified":"2019-01-22T20:17:03","modified_gmt":"2019-01-22T19:17:03","slug":"cookie-notice","status":"publish","type":"page","link":"https:\/\/rft.gon3.de\/index.php\/cookie-notice\/","title":{"rendered":"Cookie Hinweis"},"content":{"rendered":"<p>[fusion_builder_container hundred_percent=&#8220;no&#8220; hundred_percent_height=&#8220;no&#8220; hundred_percent_height_scroll=&#8220;no&#8220; hundred_percent_height_center_content=&#8220;yes&#8220; equal_height_columns=&#8220;no&#8220; menu_anchor=&#8220;&#8220; hide_on_mobile=&#8220;small-visibility,medium-visibility,large-visibility&#8220; status=&#8220;published&#8220; publish_date=&#8220;&#8220; class=&#8220;&#8220; id=&#8220;&#8220; background_color=&#8220;&#8220; background_image=&#8220;&#8220; background_position=&#8220;center center&#8220; background_repeat=&#8220;no-repeat&#8220; fade=&#8220;no&#8220; background_parallax=&#8220;none&#8220; enable_mobile=&#8220;no&#8220; parallax_speed=&#8220;0.3&#8243; video_mp4=&#8220;&#8220; video_webm=&#8220;&#8220; video_ogv=&#8220;&#8220; video_url=&#8220;&#8220; video_aspect_ratio=&#8220;16:9&#8243; video_loop=&#8220;yes&#8220; video_mute=&#8220;yes&#8220; video_preview_image=&#8220;&#8220; border_size=&#8220;&#8220; border_color=&#8220;&#8220; border_style=&#8220;solid&#8220; margin_top=&#8220;&#8220; margin_bottom=&#8220;&#8220; padding_top=&#8220;&#8220; padding_right=&#8220;&#8220; padding_bottom=&#8220;&#8220; padding_left=&#8220;&#8220;][fusion_builder_row][fusion_builder_column type=&#8220;1_1&#8243; layout=&#8220;1_1&#8243; spacing=&#8220;&#8220; center_content=&#8220;no&#8220; link=&#8220;&#8220; target=&#8220;_self&#8220; min_height=&#8220;&#8220; hide_on_mobile=&#8220;small-visibility,medium-visibility,large-visibility&#8220; class=&#8220;&#8220; id=&#8220;&#8220; background_color=&#8220;&#8220; background_image=&#8220;&#8220; background_image_id=&#8220;&#8220; background_position=&#8220;left top&#8220; background_repeat=&#8220;no-repeat&#8220; hover_type=&#8220;none&#8220; border_size=&#8220;0&#8243; border_color=&#8220;&#8220; border_style=&#8220;solid&#8220; border_position=&#8220;all&#8220; padding_top=&#8220;&#8220; padding_right=&#8220;&#8220; padding_bottom=&#8220;&#8220; padding_left=&#8220;&#8220; margin_top=&#8220;&#8220; margin_bottom=&#8220;&#8220; animation_type=&#8220;&#8220; animation_direction=&#8220;left&#8220; animation_speed=&#8220;0.3&#8243; animation_offset=&#8220;&#8220; last=&#8220;no&#8220;][fusion_title hide_on_mobile=&#8220;small-visibility,medium-visibility,large-visibility&#8220; class=&#8220;&#8220; id=&#8220;&#8220; content_align=&#8220;center&#8220; size=&#8220;1&#8243; font_size=&#8220;&#8220; line_height=&#8220;&#8220; letter_spacing=&#8220;&#8220; margin_top=&#8220;&#8220; margin_bottom=&#8220;&#8220; text_color=&#8220;&#8220; style_type=&#8220;single solid&#8220; sep_color=&#8220;&#8220;]<\/p>\n<p>Cookie Hinweis<\/p>\n<p>[\/fusion_title][fusion_text columns=&#8220;&#8220; column_min_width=&#8220;&#8220; column_spacing=&#8220;&#8220; rule_style=&#8220;default&#8220; rule_size=&#8220;&#8220; rule_color=&#8220;&#8220; hide_on_mobile=&#8220;small-visibility,medium-visibility,large-visibility&#8220; class=&#8220;&#8220; id=&#8220;&#8220;]<\/p>\n<p>Diese Website erf\u00fcllt die Pflicht zum Hinweis auf den Einsatz von Cookies. Durch die Verwendung von Cookies k\u00f6nnen Internetseiten nutzerfreundlich, effektiv und sicherer gemacht werden. Dabei werden Textdateien mit Informationspunkten auf Basis von Nutzeraktivit\u00e4ten tempor\u00e4r im Browser des Benutzers abgelegt. Besuchs-Pr\u00e4ferenzen und Webseiten-Einstellungen k\u00f6nnen somit definiert und gespeichert werden. Die gespeicherten Cookies k\u00f6nnen f\u00fcr jede Website eingesehen und verwaltet werden:<\/p>\n<ul>\n<li><strong>Chrome<\/strong>: Klicken Sie oben neben der Adresszeile auf das Schloss (bei SSL-zertifizierten Seiten) bzw. das Informations-Symbol (i). W\u00e4hlen Sie [Zahl] werden verwendet.<\/li>\n<li><strong>Firefox<\/strong>: Klicken Sie links oben neben der Webadresse auf das Symbol. Folgen Sie dem Klickfeld nach rechts und w\u00e4hlen Sie \u201eWeitere Informationen\u201c. Die Cookie-Verwaltung befindet sich unter \u201eDatenschutz &amp; Chronik\u201c<\/li>\n<li><strong>Internet-Explorer:<\/strong> W\u00e4hlen Sie hinter dem Zahnrad-Symbol die Schaltfl\u00e4che \u201eExtras\u201c &gt; \u201eInternetoptionen\u201c. Klicken Sie die Registerkarte \u201eDatenschutz\u201c. Unter Einstellungen finden Sie den Punkt \u201eErweitert\u201c mit den Verwaltungsoptionen f\u00fcr Cookies.<\/li>\n<\/ul>\n<p>Mit der Speicherung von Cookies erm\u00f6glichen Sie dieser Homepage inhaltliche und strukturelle Anpassung an die individuellen Besucherbed\u00fcrfnisse. Webseiteneinstellungen werden zeitlich befristet gespeichert und bei erneutem Besuch abgerufen. Mit Anwendung der DSGVO 2018 sind Webmaster dazu verpflichtet, der unter https:\/\/eu-datenschutz.org\/ ver\u00f6ffentlichten Grundverordnung Folge zu leisten und seine Nutzer entsprechend \u00fcber die Erfassung und Auswertung von Daten in Kenntnis zu setzen. Die Rechtm\u00e4\u00dfigkeit der Verarbeitung ist in Kapitel 2, Artikel 6 der DSGVO begr\u00fcndet.<\/p>\n<p>[\/fusion_text][\/fusion_builder_column][\/fusion_builder_row][\/fusion_builder_container]<\/p>\n","protected":false},"excerpt":{"rendered":"<p>[fusion_builder_container hundred_percent=&#8220;no&#8220; hundred_percent_height=&#8220;no&#8220; hundred_percent_height_scroll=&#8220;no&#8220; hundred_percent_height_center_content=&#8220;yes&#8220; equal_height_columns=&#8220;no&#8220; menu_anchor=&#8220;&#8220; hide_on_mobile=&#8220;small-visibility,medium-visibility,large-visibility&#8220; status=&#8220;published&#8220; publish_date=&#8220;&#8220; class=&#8220;&#8220; id=&#8220;&#8220; background_color=&#8220;&#8220; background_image=&#8220;&#8220; background_position=&#8220;center center&#8220; background_repeat=&#8220;no-repeat&#8220; fade=&#8220;no&#8220; background_parallax=&#8220;none&#8220; enable_mobile=&#8220;no&#8220; parallax_speed=&#8220;0.3&#8243; video_mp4=&#8220;&#8220; video_webm=&#8220;&#8220; video_ogv=&#8220;&#8220; video_url=&#8220;&#8220; video_aspect_ratio=&#8220;16:9&#8243; video_loop=&#8220;yes&#8220; video_mute=&#8220;yes&#8220; video_preview_image=&#8220;&#8220; border_size=&#8220;&#8220; border_color=&#8220;&#8220; border_style=&#8220;solid&#8220; margin_top=&#8220;&#8220; margin_bottom=&#8220;&#8220; padding_top=&#8220;&#8220; padding_right=&#8220;&#8220; padding_bottom=&#8220;&#8220; padding_left=&#8220;&#8220;][fusion_builder_row][fusion_builder_column type=&#8220;1_1&#8243; layout=&#8220;1_1&#8243; spacing=&#8220;&#8220; center_content=&#8220;no&#8220; link=&#8220;&#8220; target=&#8220;_self&#8220; min_height=&#8220;&#8220; hide_on_mobile=&#8220;small-visibility,medium-visibility,large-visibility&#8220; class=&#8220;&#8220; id=&#8220;&#8220; background_color=&#8220;&#8220; background_image=&#8220;&#8220; background_image_id=&#8220;&#8220; background_position=&#8220;left top&#8220; background_repeat=&#8220;no-repeat&#8220; hover_type=&#8220;none&#8220; [&hellip;]<\/p>\n","protected":false},"author":1,"featured_media":0,"parent":0,"menu_order":0,"comment_status":"closed","ping_status":"closed","template":"","meta":{"_et_pb_use_builder":"","_et_pb_old_content":"","_et_gb_content_width":"","inline_featured_image":false,"footnotes":""},"class_list":["post-169","page","type-page","status-publish","hentry"],"_links":{"self":[{"href":"https:\/\/rft.gon3.de\/index.php\/wp-json\/wp\/v2\/pages\/169","targetHints":{"allow":["GET"]}}],"collection":[{"href":"https:\/\/rft.gon3.de\/index.php\/wp-json\/wp\/v2\/pages"}],"about":[{"href":"https:\/\/rft.gon3.de\/index.php\/wp-json\/wp\/v2\/types\/page"}],"author":[{"embeddable":true,"href":"https:\/\/rft.gon3.de\/index.php\/wp-json\/wp\/v2\/users\/1"}],"replies":[{"embeddable":true,"href":"https:\/\/rft.gon3.de\/index.php\/wp-json\/wp\/v2\/comments?post=169"}],"version-history":[{"count":0,"href":"https:\/\/rft.gon3.de\/index.php\/wp-json\/wp\/v2\/pages\/169\/revisions"}],"wp:attachment":[{"href":"https:\/\/rft.gon3.de\/index.php\/wp-json\/wp\/v2\/media?parent=169"}],"curies":[{"name":"wp","href":"https:\/\/api.w.org\/{rel}","templated":true}]}}