{"id":2058,"date":"2020-01-09T09:29:33","date_gmt":"2020-01-09T08:29:33","guid":{"rendered":"https:\/\/rft.dev-brookdesign.de\/?page_id=2058"},"modified":"2020-01-09T09:29:33","modified_gmt":"2020-01-09T08:29:33","slug":"zufuehrmodule","status":"publish","type":"page","link":"https:\/\/rft.gon3.de\/index.php\/maschinen-zubehoer\/zufuehrmodule\/","title":{"rendered":"Zuf\u00fchrmodule"},"content":{"rendered":"<p>[fusion_builder_container hundred_percent=&#8220;no&#8220; hundred_percent_height=&#8220;no&#8220; hundred_percent_height_scroll=&#8220;no&#8220; hundred_percent_height_center_content=&#8220;yes&#8220; equal_height_columns=&#8220;no&#8220; menu_anchor=&#8220;&#8220; hide_on_mobile=&#8220;small-visibility,medium-visibility,large-visibility&#8220; class=&#8220;&#8220; id=&#8220;&#8220; background_color=&#8220;&#8220; background_image=&#8220;&#8220; background_position=&#8220;center center&#8220; background_repeat=&#8220;no-repeat&#8220; fade=&#8220;no&#8220; background_parallax=&#8220;none&#8220; enable_mobile=&#8220;no&#8220; parallax_speed=&#8220;0.3&#8243; video_mp4=&#8220;&#8220; video_webm=&#8220;&#8220; video_ogv=&#8220;&#8220; video_url=&#8220;&#8220; video_aspect_ratio=&#8220;16:9&#8243; video_loop=&#8220;yes&#8220; video_mute=&#8220;yes&#8220; video_preview_image=&#8220;&#8220; border_size=&#8220;&#8220; border_color=&#8220;&#8220; border_style=&#8220;solid&#8220; margin_top=&#8220;&#8220; margin_bottom=&#8220;&#8220; padding_top=&#8220;&#8220; padding_right=&#8220;&#8220; padding_bottom=&#8220;&#8220; padding_left=&#8220;&#8220;][fusion_builder_row][fusion_builder_column type=&#8220;1_1&#8243; layout=&#8220;1_1&#8243; spacing=&#8220;&#8220; center_content=&#8220;no&#8220; link=&#8220;&#8220; target=&#8220;_self&#8220; min_height=&#8220;&#8220; hide_on_mobile=&#8220;small-visibility,medium-visibility,large-visibility&#8220; class=&#8220;&#8220; id=&#8220;&#8220; background_color=&#8220;&#8220; background_image=&#8220;&#8220; background_position=&#8220;left top&#8220; background_repeat=&#8220;no-repeat&#8220; hover_type=&#8220;none&#8220; border_size=&#8220;0&#8243; border_color=&#8220;&#8220; border_style=&#8220;solid&#8220; border_position=&#8220;all&#8220; padding_top=&#8220;&#8220; padding_right=&#8220;&#8220; padding_bottom=&#8220;&#8220; padding_left=&#8220;&#8220; margin_top=&#8220;&#8220; margin_bottom=&#8220;&#8220; animation_type=&#8220;&#8220; animation_direction=&#8220;left&#8220; animation_speed=&#8220;0.3&#8243; animation_offset=&#8220;&#8220; last=&#8220;no&#8220;][fusion_title margin_top=&#8220;&#8220; margin_bottom=&#8220;&#8220; hide_on_mobile=&#8220;small-visibility,medium-visibility,large-visibility&#8220; class=&#8220;&#8220; id=&#8220;&#8220; size=&#8220;1&#8243; content_align=&#8220;center&#8220; style_type=&#8220;single solid&#8220; sep_color=&#8220;#0069b4&#8243;]<\/p>\n<p>Zuf\u00fchrmodule<\/p>\n<p>[\/fusion_title][\/fusion_builder_column][fusion_builder_column type=&#8220;1_3&#8243; layout=&#8220;1_3&#8243; spacing=&#8220;&#8220; center_content=&#8220;no&#8220; link=&#8220;&#8220; target=&#8220;_self&#8220; min_height=&#8220;&#8220; hide_on_mobile=&#8220;small-visibility,medium-visibility,large-visibility&#8220; class=&#8220;&#8220; id=&#8220;&#8220; background_color=&#8220;&#8220; background_image=&#8220;&#8220; background_position=&#8220;left top&#8220; background_repeat=&#8220;no-repeat&#8220; hover_type=&#8220;none&#8220; border_size=&#8220;0&#8243; border_color=&#8220;&#8220; border_style=&#8220;solid&#8220; border_position=&#8220;all&#8220; padding_top=&#8220;&#8220; padding_right=&#8220;&#8220; padding_bottom=&#8220;&#8220; padding_left=&#8220;&#8220; margin_top=&#8220;&#8220; margin_bottom=&#8220;&#8220; animation_type=&#8220;&#8220; animation_direction=&#8220;left&#8220; animation_speed=&#8220;0.3&#8243; animation_offset=&#8220;&#8220; last=&#8220;no&#8220;][fusion_slider hover_type=&#8220;none&#8220; width=&#8220;&#8220; height=&#8220;&#8220; hide_on_mobile=&#8220;small-visibility,medium-visibility,large-visibility&#8220; class=&#8220;&#8220; id=&#8220;&#8220;][fusion_slide type=&#8220;image&#8220; image_id=&#8220;3253|large&#8220; link=&#8220;&#8220; lightbox=&#8220;no&#8220; linktarget=&#8220;_self&#8220;]https:\/\/rftech.info\/wp-content\/uploads\/DSC01499-3-1024&#215;577.jpg[\/fusion_slide][fusion_slide type=&#8220;image&#8220; image_id=&#8220;2492|full&#8220; link=&#8220;&#8220; lightbox=&#8220;no&#8220; linktarget=&#8220;_self&#8220;]https:\/\/rftech.info\/wp-content\/uploads\/feeder-tumbnails.jpg[\/fusion_slide][fusion_slide type=&#8220;image&#8220; image_id=&#8220;3340|medium&#8220; link=&#8220;&#8220; lightbox=&#8220;no&#8220; linktarget=&#8220;_self&#8220;]https:\/\/rftech.info\/wp-content\/uploads\/DSC01489-2-4-300&#215;138.jpg[\/fusion_slide][\/fusion_slider][\/fusion_builder_column][fusion_builder_column type=&#8220;2_3&#8243; layout=&#8220;2_3&#8243; spacing=&#8220;&#8220; center_content=&#8220;no&#8220; link=&#8220;&#8220; target=&#8220;_self&#8220; min_height=&#8220;&#8220; hide_on_mobile=&#8220;small-visibility,medium-visibility,large-visibility&#8220; class=&#8220;&#8220; id=&#8220;&#8220; background_color=&#8220;&#8220; background_image=&#8220;&#8220; background_position=&#8220;left top&#8220; background_repeat=&#8220;no-repeat&#8220; hover_type=&#8220;none&#8220; border_size=&#8220;0&#8243; border_color=&#8220;&#8220; border_style=&#8220;solid&#8220; border_position=&#8220;all&#8220; padding_top=&#8220;&#8220; padding_right=&#8220;&#8220; padding_bottom=&#8220;&#8220; padding_left=&#8220;&#8220; margin_top=&#8220;&#8220; margin_bottom=&#8220;&#8220; animation_type=&#8220;&#8220; animation_direction=&#8220;left&#8220; animation_speed=&#8220;0.3&#8243; animation_offset=&#8220;&#8220; last=&#8220;no&#8220;][fusion_text columns=&#8220;&#8220; column_min_width=&#8220;&#8220; column_spacing=&#8220;&#8220; rule_style=&#8220;default&#8220; rule_size=&#8220;&#8220; rule_color=&#8220;&#8220; hide_on_mobile=&#8220;small-visibility,medium-visibility,large-visibility&#8220; class=&#8220;&#8220; id=&#8220;&#8220; animation_type=&#8220;&#8220; animation_direction=&#8220;left&#8220; animation_speed=&#8220;0.3&#8243; animation_offset=&#8220;&#8220;]<\/p>\n<p><strong>Reparatur Feeder<\/strong><\/p>\n<p>Sie k\u00f6nnen bei uns Ihre defekten oder verschlissenen Feeder reparieren und instand setzten lassen.<br \/>\nWir garantieren Ihnen h\u00f6chste Qualit\u00e4t und Zuverl\u00e4ssigkeit. Sie haben die Wahl zwischen zwei Service Stufen.<\/p>\n<p>Folgende Arbeiten werden durchgef\u00fchrt:<\/p>\n<ul>\n<li>Eingangspr\u00fcfung<\/li>\n<li>Gr\u00fcndliche Reinigung<\/li>\n<li>D\u00e4mpfer tauschen<\/li>\n<li>Federn tauschen<\/li>\n<li>Fehlende Kleinteile (Schrauben etc.) ersetzten<\/li>\n<li>Zugkraftmessung<\/li>\n<li>Justieren des Transportradspiels<\/li>\n<li>Justieren der Abholposition 0,05 mm Genauigkeit<\/li>\n<li>Schmieren mit speziellen Schmiermitteln<\/li>\n<li>Maschinentestlauf<\/li>\n<li>Optische Aufwertung<\/li>\n<\/ul>\n<p>Feeder Typen:<\/p>\n<ul>\n<li>Alle Siemens S Feeder:<br \/>\n8 \u2013 88mm<\/li>\n<li>Alle Siemens X-Feeder:<br \/>\nX-Feeder 8 \u2013 88mm, Smart-Feeder 12mm und 16mm<\/li>\n<li>Panasonic Feeder ITF<br \/>\n8 \u2013 44mm<\/li>\n<li>Hover-Davis Feeder<br \/>\n3x8mm, 12\/16mm, 24\/32mm<\/li>\n<li>Vibrationsfeeder Typ III<\/li>\n<\/ul>\n<p>Kosten:\u00a0Preis auf Anfrage<\/p>\n<p>Garantie: 4 Wochen auf alle durchgef\u00fchrten Arbeiten und mechanischen Komponenten<\/p>\n<p>Falls defekte Komponenten bei der Pr\u00fcfung entdeckt werden,\u00a0halten wir mit Ihnen R\u00fccksprache und informieren sie \u00fcber\u00a0die dadurch entstehenden Kosten\u00a0und werde diese gegebenfalls ersetzen.<\/p>\n<p>Hierbei profitieren Sie von unseren g\u00fcnstigen Ersatzteilpreisen.<\/p>\n<p>Sie haben auch die M\u00f6glichkeit eine regelm\u00e4\u00dfige Feeder Wartung bei uns durchf\u00fchren zu lassen.\u00a0 Bei dieser Variante k\u00f6nnen Sie zus\u00e4tzlich Kosten sparen,<br \/>\nda Sie immer prozesssichere Feeder in Ihrer Fertigung zur Verf\u00fcgung haben.<\/p>\n<p>[\/fusion_text][\/fusion_builder_column][\/fusion_builder_row][\/fusion_builder_container][fusion_builder_container hundred_percent=&#8220;no&#8220; hundred_percent_height=&#8220;no&#8220; hundred_percent_height_scroll=&#8220;no&#8220; hundred_percent_height_center_content=&#8220;yes&#8220; equal_height_columns=&#8220;no&#8220; menu_anchor=&#8220;&#8220; hide_on_mobile=&#8220;small-visibility,medium-visibility,large-visibility&#8220; status=&#8220;published&#8220; publish_date=&#8220;&#8220; class=&#8220;&#8220; id=&#8220;&#8220; border_size=&#8220;&#8220; border_color=&#8220;&#8220; border_style=&#8220;solid&#8220; margin_top=&#8220;&#8220; margin_bottom=&#8220;&#8220; padding_top=&#8220;&#8220; padding_right=&#8220;&#8220; padding_bottom=&#8220;&#8220; padding_left=&#8220;&#8220; gradient_start_color=&#8220;&#8220; gradient_end_color=&#8220;&#8220; gradient_start_position=&#8220;0&#8243; gradient_end_position=&#8220;100&#8243; gradient_type=&#8220;linear&#8220; radial_direction=&#8220;center&#8220; linear_angle=&#8220;180&#8243; background_color=&#8220;&#8220; background_image=&#8220;&#8220; background_position=&#8220;center center&#8220; background_repeat=&#8220;no-repeat&#8220; fade=&#8220;no&#8220; background_parallax=&#8220;none&#8220; enable_mobile=&#8220;no&#8220; parallax_speed=&#8220;0.3&#8243; background_blend_mode=&#8220;none&#8220; video_mp4=&#8220;&#8220; video_webm=&#8220;&#8220; video_ogv=&#8220;&#8220; video_url=&#8220;&#8220; video_aspect_ratio=&#8220;16:9&#8243; video_loop=&#8220;yes&#8220; video_mute=&#8220;yes&#8220; video_preview_image=&#8220;&#8220; filter_hue=&#8220;0&#8243; filter_saturation=&#8220;100&#8243; filter_brightness=&#8220;100&#8243; filter_contrast=&#8220;100&#8243; filter_invert=&#8220;0&#8243; filter_sepia=&#8220;0&#8243; filter_opacity=&#8220;100&#8243; filter_blur=&#8220;0&#8243; filter_hue_hover=&#8220;0&#8243; filter_saturation_hover=&#8220;100&#8243; filter_brightness_hover=&#8220;100&#8243; filter_contrast_hover=&#8220;100&#8243; filter_invert_hover=&#8220;0&#8243; filter_sepia_hover=&#8220;0&#8243; filter_opacity_hover=&#8220;100&#8243; filter_blur_hover=&#8220;0&#8243;][fusion_builder_row][fusion_builder_column type=&#8220;2_3&#8243; layout=&#8220;2_3&#8243; spacing=&#8220;&#8220; center_content=&#8220;no&#8220; link=&#8220;&#8220; target=&#8220;_self&#8220; min_height=&#8220;&#8220; hide_on_mobile=&#8220;small-visibility,medium-visibility,large-visibility&#8220; class=&#8220;&#8220; id=&#8220;&#8220; hover_type=&#8220;none&#8220; border_size=&#8220;0&#8243; border_color=&#8220;&#8220; border_style=&#8220;solid&#8220; border_position=&#8220;all&#8220; border_radius=&#8220;&#8220; box_shadow=&#8220;no&#8220; dimension_box_shadow=&#8220;&#8220; box_shadow_blur=&#8220;0&#8243; box_shadow_spread=&#8220;0&#8243; box_shadow_color=&#8220;&#8220; box_shadow_style=&#8220;&#8220; padding_top=&#8220;&#8220; padding_right=&#8220;&#8220; padding_bottom=&#8220;&#8220; padding_left=&#8220;&#8220; margin_top=&#8220;&#8220; margin_bottom=&#8220;&#8220; background_type=&#8220;single&#8220; gradient_start_color=&#8220;&#8220; gradient_end_color=&#8220;&#8220; gradient_start_position=&#8220;0&#8243; gradient_end_position=&#8220;100&#8243; gradient_type=&#8220;linear&#8220; radial_direction=&#8220;center&#8220; linear_angle=&#8220;180&#8243; background_color=&#8220;&#8220; background_image=&#8220;&#8220; background_image_id=&#8220;&#8220; background_position=&#8220;left top&#8220; background_repeat=&#8220;no-repeat&#8220; background_blend_mode=&#8220;none&#8220; animation_type=&#8220;&#8220; animation_direction=&#8220;left&#8220; animation_speed=&#8220;0.3&#8243; animation_offset=&#8220;&#8220; filter_type=&#8220;regular&#8220; filter_hue=&#8220;0&#8243; filter_saturation=&#8220;100&#8243; filter_brightness=&#8220;100&#8243; filter_contrast=&#8220;100&#8243; filter_invert=&#8220;0&#8243; filter_sepia=&#8220;0&#8243; filter_opacity=&#8220;100&#8243; filter_blur=&#8220;0&#8243; filter_hue_hover=&#8220;0&#8243; filter_saturation_hover=&#8220;100&#8243; filter_brightness_hover=&#8220;100&#8243; filter_contrast_hover=&#8220;100&#8243; filter_invert_hover=&#8220;0&#8243; filter_sepia_hover=&#8220;0&#8243; filter_opacity_hover=&#8220;100&#8243; filter_blur_hover=&#8220;0&#8243; last=&#8220;no&#8220;][fusion_text columns=&#8220;&#8220; column_min_width=&#8220;&#8220; column_spacing=&#8220;&#8220; rule_style=&#8220;default&#8220; rule_size=&#8220;&#8220; rule_color=&#8220;&#8220; hide_on_mobile=&#8220;small-visibility,medium-visibility,large-visibility&#8220; class=&#8220;&#8220; id=&#8220;&#8220; animation_type=&#8220;&#8220; animation_direction=&#8220;left&#8220; animation_speed=&#8220;0.3&#8243; animation_offset=&#8220;&#8220;]<\/p>\n<p><span style=\"color: #333333;\">Haben Sie Fragen oder ben\u00f6tigen Sie ein Angebot? Rufen Sie uns unter +49(0)8443 91741-11 an oder kontaktieren Sie uns \u00fcber unser Kontaktformular auf der Seite Kontakt!<\/span><\/p>\n<p>[\/fusion_text][fusion_button link=&#8220;https:\/\/rft.dev-brookdesign.de\/kontakt\/&#8220; text_transform=&#8220;&#8220; title=&#8220;&#8220; target=&#8220;_self&#8220; link_attributes=&#8220;&#8220; alignment=&#8220;&#8220; modal=&#8220;&#8220; hide_on_mobile=&#8220;small-visibility,medium-visibility,large-visibility&#8220; class=&#8220;&#8220; id=&#8220;&#8220; color=&#8220;default&#8220; button_gradient_top_color=&#8220;&#8220; button_gradient_bottom_color=&#8220;&#8220; button_gradient_top_color_hover=&#8220;&#8220; button_gradient_bottom_color_hover=&#8220;&#8220; accent_color=&#8220;&#8220; accent_hover_color=&#8220;&#8220; type=&#8220;&#8220; bevel_color=&#8220;&#8220; border_width=&#8220;&#8220; border_radius=&#8220;&#8220; border_color=&#8220;&#8220; border_hover_color=&#8220;&#8220; size=&#8220;&#8220; stretch=&#8220;default&#8220; icon=&#8220;&#8220; icon_position=&#8220;left&#8220; icon_divider=&#8220;no&#8220; animation_type=&#8220;&#8220; animation_direction=&#8220;left&#8220; animation_speed=&#8220;0.3&#8243; animation_offset=&#8220;&#8220;]Zum Kontaktformular[\/fusion_button][\/fusion_builder_column][fusion_builder_column type=&#8220;1_3&#8243; layout=&#8220;1_3&#8243; spacing=&#8220;&#8220; center_content=&#8220;no&#8220; link=&#8220;&#8220; target=&#8220;_self&#8220; min_height=&#8220;&#8220; hide_on_mobile=&#8220;small-visibility,medium-visibility,large-visibility&#8220; class=&#8220;&#8220; id=&#8220;&#8220; hover_type=&#8220;none&#8220; border_size=&#8220;0&#8243; border_color=&#8220;&#8220; border_style=&#8220;solid&#8220; border_position=&#8220;all&#8220; border_radius=&#8220;&#8220; box_shadow=&#8220;no&#8220; dimension_box_shadow=&#8220;&#8220; box_shadow_blur=&#8220;0&#8243; box_shadow_spread=&#8220;0&#8243; box_shadow_color=&#8220;&#8220; box_shadow_style=&#8220;&#8220; padding_top=&#8220;&#8220; padding_right=&#8220;&#8220; padding_bottom=&#8220;&#8220; padding_left=&#8220;&#8220; margin_top=&#8220;&#8220; margin_bottom=&#8220;&#8220; background_type=&#8220;single&#8220; gradient_start_color=&#8220;&#8220; gradient_end_color=&#8220;&#8220; gradient_start_position=&#8220;0&#8243; gradient_end_position=&#8220;100&#8243; gradient_type=&#8220;linear&#8220; radial_direction=&#8220;center&#8220; linear_angle=&#8220;180&#8243; background_color=&#8220;&#8220; background_image=&#8220;&#8220; background_image_id=&#8220;&#8220; background_position=&#8220;left top&#8220; background_repeat=&#8220;no-repeat&#8220; background_blend_mode=&#8220;none&#8220; animation_type=&#8220;&#8220; animation_direction=&#8220;left&#8220; animation_speed=&#8220;0.3&#8243; animation_offset=&#8220;&#8220; filter_type=&#8220;regular&#8220; filter_hue=&#8220;0&#8243; filter_saturation=&#8220;100&#8243; filter_brightness=&#8220;100&#8243; filter_contrast=&#8220;100&#8243; filter_invert=&#8220;0&#8243; filter_sepia=&#8220;0&#8243; filter_opacity=&#8220;100&#8243; filter_blur=&#8220;0&#8243; filter_hue_hover=&#8220;0&#8243; filter_saturation_hover=&#8220;100&#8243; filter_brightness_hover=&#8220;100&#8243; filter_contrast_hover=&#8220;100&#8243; filter_invert_hover=&#8220;0&#8243; filter_sepia_hover=&#8220;0&#8243; filter_opacity_hover=&#8220;100&#8243; filter_blur_hover=&#8220;0&#8243; last=&#8220;no&#8220;][\/fusion_builder_column][\/fusion_builder_row][\/fusion_builder_container]<\/p>\n","protected":false},"excerpt":{"rendered":"<p>[fusion_builder_container hundred_percent=&#8220;no&#8220; hundred_percent_height=&#8220;no&#8220; hundred_percent_height_scroll=&#8220;no&#8220; hundred_percent_height_center_content=&#8220;yes&#8220; equal_height_columns=&#8220;no&#8220; menu_anchor=&#8220;&#8220; hide_on_mobile=&#8220;small-visibility,medium-visibility,large-visibility&#8220; class=&#8220;&#8220; id=&#8220;&#8220; background_color=&#8220;&#8220; background_image=&#8220;&#8220; background_position=&#8220;center center&#8220; background_repeat=&#8220;no-repeat&#8220; fade=&#8220;no&#8220; background_parallax=&#8220;none&#8220; enable_mobile=&#8220;no&#8220; parallax_speed=&#8220;0.3&#8243; video_mp4=&#8220;&#8220; video_webm=&#8220;&#8220; video_ogv=&#8220;&#8220; video_url=&#8220;&#8220; video_aspect_ratio=&#8220;16:9&#8243; video_loop=&#8220;yes&#8220; video_mute=&#8220;yes&#8220; video_preview_image=&#8220;&#8220; border_size=&#8220;&#8220; border_color=&#8220;&#8220; border_style=&#8220;solid&#8220; margin_top=&#8220;&#8220; margin_bottom=&#8220;&#8220; padding_top=&#8220;&#8220; padding_right=&#8220;&#8220; padding_bottom=&#8220;&#8220; padding_left=&#8220;&#8220;][fusion_builder_row][fusion_builder_column type=&#8220;1_1&#8243; layout=&#8220;1_1&#8243; spacing=&#8220;&#8220; center_content=&#8220;no&#8220; link=&#8220;&#8220; target=&#8220;_self&#8220; min_height=&#8220;&#8220; hide_on_mobile=&#8220;small-visibility,medium-visibility,large-visibility&#8220; class=&#8220;&#8220; id=&#8220;&#8220; background_color=&#8220;&#8220; background_image=&#8220;&#8220; background_position=&#8220;left top&#8220; background_repeat=&#8220;no-repeat&#8220; hover_type=&#8220;none&#8220; border_size=&#8220;0&#8243; border_color=&#8220;&#8220; border_style=&#8220;solid&#8220; [&hellip;]<\/p>\n","protected":false},"author":1,"featured_media":0,"parent":2048,"menu_order":0,"comment_status":"closed","ping_status":"closed","template":"100-width.php","meta":{"_et_pb_use_builder":"","_et_pb_old_content":"","_et_gb_content_width":"","inline_featured_image":false,"footnotes":""},"class_list":["post-2058","page","type-page","status-publish","hentry"],"_links":{"self":[{"href":"https:\/\/rft.gon3.de\/index.php\/wp-json\/wp\/v2\/pages\/2058","targetHints":{"allow":["GET"]}}],"collection":[{"href":"https:\/\/rft.gon3.de\/index.php\/wp-json\/wp\/v2\/pages"}],"about":[{"href":"https:\/\/rft.gon3.de\/index.php\/wp-json\/wp\/v2\/types\/page"}],"author":[{"embeddable":true,"href":"https:\/\/rft.gon3.de\/index.php\/wp-json\/wp\/v2\/users\/1"}],"replies":[{"embeddable":true,"href":"https:\/\/rft.gon3.de\/index.php\/wp-json\/wp\/v2\/comments?post=2058"}],"version-history":[{"count":0,"href":"https:\/\/rft.gon3.de\/index.php\/wp-json\/wp\/v2\/pages\/2058\/revisions"}],"up":[{"embeddable":true,"href":"https:\/\/rft.gon3.de\/index.php\/wp-json\/wp\/v2\/pages\/2048"}],"wp:attachment":[{"href":"https:\/\/rft.gon3.de\/index.php\/wp-json\/wp\/v2\/media?parent=2058"}],"curies":[{"name":"wp","href":"https:\/\/api.w.org\/{rel}","templated":true}]}}