{"id":2085,"date":"2018-07-09T20:34:25","date_gmt":"2018-07-09T20:34:25","guid":{"rendered":"https:\/\/rft.dev-brookdesign.de\/?page_id=2085"},"modified":"2018-07-09T20:34:25","modified_gmt":"2018-07-09T20:34:25","slug":"ersatzteile","status":"publish","type":"page","link":"https:\/\/rft.gon3.de\/index.php\/reparaturen-ersatzteile\/ersatzteile\/","title":{"rendered":"Ersatzteile"},"content":{"rendered":"<p>[fusion_builder_container hundred_percent=&#8220;no&#8220; hundred_percent_height=&#8220;no&#8220; hundred_percent_height_scroll=&#8220;no&#8220; hundred_percent_height_center_content=&#8220;yes&#8220; equal_height_columns=&#8220;no&#8220; menu_anchor=&#8220;&#8220; hide_on_mobile=&#8220;small-visibility,medium-visibility,large-visibility&#8220; class=&#8220;&#8220; id=&#8220;&#8220; background_color=&#8220;&#8220; background_image=&#8220;&#8220; background_position=&#8220;center center&#8220; background_repeat=&#8220;no-repeat&#8220; fade=&#8220;no&#8220; background_parallax=&#8220;none&#8220; enable_mobile=&#8220;no&#8220; parallax_speed=&#8220;0.3&#8243; video_mp4=&#8220;&#8220; video_webm=&#8220;&#8220; video_ogv=&#8220;&#8220; video_url=&#8220;&#8220; video_aspect_ratio=&#8220;16:9&#8243; video_loop=&#8220;yes&#8220; video_mute=&#8220;yes&#8220; video_preview_image=&#8220;&#8220; border_size=&#8220;&#8220; border_color=&#8220;&#8220; border_style=&#8220;solid&#8220; margin_top=&#8220;&#8220; margin_bottom=&#8220;&#8220; padding_top=&#8220;&#8220; padding_right=&#8220;&#8220; padding_bottom=&#8220;&#8220; padding_left=&#8220;&#8220;][fusion_builder_row][fusion_builder_column type=&#8220;1_3&#8243; layout=&#8220;1_3&#8243; spacing=&#8220;&#8220; center_content=&#8220;no&#8220; link=&#8220;&#8220; target=&#8220;_self&#8220; min_height=&#8220;&#8220; hide_on_mobile=&#8220;small-visibility,medium-visibility,large-visibility&#8220; class=&#8220;&#8220; id=&#8220;&#8220; background_color=&#8220;&#8220; background_image=&#8220;&#8220; background_position=&#8220;left top&#8220; background_repeat=&#8220;no-repeat&#8220; hover_type=&#8220;none&#8220; border_size=&#8220;0&#8243; border_color=&#8220;&#8220; border_style=&#8220;solid&#8220; border_position=&#8220;all&#8220; padding_top=&#8220;&#8220; padding_right=&#8220;&#8220; padding_bottom=&#8220;&#8220; padding_left=&#8220;&#8220; margin_top=&#8220;&#8220; margin_bottom=&#8220;&#8220; animation_type=&#8220;&#8220; animation_direction=&#8220;left&#8220; animation_speed=&#8220;0.3&#8243; animation_offset=&#8220;&#8220; last=&#8220;no&#8220;][fusion_slider hover_type=&#8220;none&#8220; width=&#8220;&#8220; height=&#8220;&#8220; hide_on_mobile=&#8220;small-visibility,medium-visibility,large-visibility&#8220; class=&#8220;&#8220; id=&#8220;&#8220;][fusion_slide type=&#8220;image&#8220; image_id=&#8220;2684&#8243; link=&#8220;&#8220; lightbox=&#8220;no&#8220; linktarget=&#8220;_self&#8220;]https:\/\/rftech.info\/wp-content\/uploads\/Ersatzteile-II-e1556196710205.jpg[\/fusion_slide][fusion_slide type=&#8220;image&#8220; image_id=&#8220;2748|full&#8220; link=&#8220;&#8220; lightbox=&#8220;no&#8220; linktarget=&#8220;_self&#8220;]https:\/\/rftech.info\/wp-content\/uploads\/Abholfenster-3x8mm_frei_349-e1556185499836.jpg[\/fusion_slide][fusion_slide type=&#8220;image&#8220; image_id=&#8220;3204|medium&#8220; link=&#8220;&#8220; lightbox=&#8220;no&#8220; linktarget=&#8220;_self&#8220;]https:\/\/rftech.info\/wp-content\/uploads\/DSC01394-2-2-300&#215;300.jpg[\/fusion_slide][fusion_slide type=&#8220;image&#8220; image_id=&#8220;3430|medium&#8220; link=&#8220;&#8220; lightbox=&#8220;no&#8220; linktarget=&#8220;_self&#8220;]https:\/\/rftech.info\/wp-content\/uploads\/Pneumatik-300&#215;134.jpg[\/fusion_slide][fusion_slide type=&#8220;image&#8220; image_id=&#8220;2661|medium&#8220; link=&#8220;&#8220; lightbox=&#8220;no&#8220; linktarget=&#8220;_self&#8220;]https:\/\/rftech.info\/wp-content\/uploads\/PipMag-300&#215;202.jpg[\/fusion_slide][\/fusion_slider][\/fusion_builder_column][fusion_builder_column type=&#8220;2_3&#8243; layout=&#8220;2_3&#8243; spacing=&#8220;&#8220; center_content=&#8220;no&#8220; link=&#8220;&#8220; target=&#8220;_self&#8220; min_height=&#8220;&#8220; hide_on_mobile=&#8220;small-visibility,medium-visibility,large-visibility&#8220; class=&#8220;&#8220; id=&#8220;&#8220; background_color=&#8220;&#8220; background_image=&#8220;&#8220; background_position=&#8220;left top&#8220; background_repeat=&#8220;no-repeat&#8220; hover_type=&#8220;none&#8220; border_size=&#8220;0&#8243; border_color=&#8220;&#8220; border_style=&#8220;solid&#8220; border_position=&#8220;all&#8220; padding_top=&#8220;&#8220; padding_right=&#8220;&#8220; padding_bottom=&#8220;&#8220; padding_left=&#8220;&#8220; margin_top=&#8220;&#8220; margin_bottom=&#8220;&#8220; animation_type=&#8220;&#8220; animation_direction=&#8220;left&#8220; animation_speed=&#8220;0.3&#8243; animation_offset=&#8220;&#8220; last=&#8220;no&#8220;][fusion_text columns=&#8220;&#8220; column_min_width=&#8220;&#8220; column_spacing=&#8220;&#8220; rule_style=&#8220;default&#8220; rule_size=&#8220;&#8220; rule_color=&#8220;&#8220; hide_on_mobile=&#8220;small-visibility,medium-visibility,large-visibility&#8220; class=&#8220;&#8220; id=&#8220;&#8220;]<\/p>\n<p>Wir bieten Ihnen eine kosteng\u00fcnstige Ersatzteileversorgung. Bei uns haben Sie die M\u00f6glichkeit zwischen<br \/>\nNeu- und Gebrauchtteilen zu W\u00e4hlen. Wir haben auch ein sehr gro\u00dfes Lager an Verschlei\u00dfteilen wie z.B.<br \/>\nO-Ringe, Riemen, Lager, Splei\u00dfzubeh\u00f6r, etc. Bei uns k\u00f6nnen Sie verschiedenste Komponenten einzeln erwerben.<br \/>\nUnser Service ist unkompliziert und Kundenorientiert.<br \/>\nFragen Sie einfach bei uns an. Unsere Neuteile sind ausschlie\u00dflich Siemens Originalteile die wir aus vielen<br \/>\nRestbest\u00e4nden und von Gro\u00dfh\u00e4ndlern zugekauft, gepr\u00fcft und katalogisiert haben. Bei uns bekommen Sie Neuware<br \/>\nzu kleinen Preisen in gewohnt hoher Qualit\u00e4t.<\/p>\n<p>Unsere Gebrauchtteile werden immer einer sorgf\u00e4ltigen Funktionspr\u00fcfung mit anschlie\u00dfender \u00dcberholung und<br \/>\nReinigung unterzogen. Sie werden von unserem Preis \u2013 Leistungs \u2013 Verh\u00e4ltnis \u00fcberzeugt sein. Wir machen Ihnen<br \/>\ngerne ein kosteng\u00fcnstiges, individuelles Angebot zu jeder Anfrage.<\/p>\n<p>[\/fusion_text][\/fusion_builder_column][\/fusion_builder_row][\/fusion_builder_container][fusion_builder_container hundred_percent=&#8220;no&#8220; hundred_percent_height=&#8220;no&#8220; hundred_percent_height_scroll=&#8220;no&#8220; hundred_percent_height_center_content=&#8220;yes&#8220; equal_height_columns=&#8220;no&#8220; menu_anchor=&#8220;&#8220; hide_on_mobile=&#8220;small-visibility,medium-visibility,large-visibility&#8220; class=&#8220;&#8220; id=&#8220;&#8220; background_color=&#8220;#f7f7f7&#8243; background_image=&#8220;https:\/\/rft.dev-brookdesign.de\/wp-content\/uploads\/2018\/02\/bg3.jpg&#8220; background_position=&#8220;center center&#8220; background_repeat=&#8220;no-repeat&#8220; fade=&#8220;no&#8220; background_parallax=&#8220;none&#8220; enable_mobile=&#8220;no&#8220; parallax_speed=&#8220;0.3&#8243; video_mp4=&#8220;&#8220; video_webm=&#8220;&#8220; video_ogv=&#8220;&#8220; video_url=&#8220;&#8220; video_aspect_ratio=&#8220;16:9&#8243; video_loop=&#8220;yes&#8220; video_mute=&#8220;yes&#8220; video_preview_image=&#8220;&#8220; border_size=&#8220;&#8220; border_color=&#8220;&#8220; border_style=&#8220;solid&#8220; margin_top=&#8220;&#8220; margin_bottom=&#8220;0px&#8220; padding_top=&#8220;20px&#8220; padding_right=&#8220;&#8220; padding_bottom=&#8220;&#8220; padding_left=&#8220;&#8220;][fusion_builder_row][fusion_builder_column type=&#8220;2_3&#8243; layout=&#8220;2_3&#8243; spacing=&#8220;&#8220; center_content=&#8220;no&#8220; link=&#8220;&#8220; target=&#8220;_self&#8220; min_height=&#8220;&#8220; hide_on_mobile=&#8220;small-visibility,medium-visibility,large-visibility&#8220; class=&#8220;&#8220; id=&#8220;&#8220; background_color=&#8220;&#8220; background_image=&#8220;&#8220; background_position=&#8220;left top&#8220; background_repeat=&#8220;no-repeat&#8220; hover_type=&#8220;none&#8220; border_size=&#8220;0&#8243; border_color=&#8220;&#8220; border_style=&#8220;solid&#8220; border_position=&#8220;all&#8220; padding_top=&#8220;&#8220; padding_right=&#8220;&#8220; padding_bottom=&#8220;&#8220; padding_left=&#8220;&#8220; margin_top=&#8220;&#8220; margin_bottom=&#8220;&#8220; animation_type=&#8220;&#8220; animation_direction=&#8220;left&#8220; animation_speed=&#8220;0.3&#8243; animation_offset=&#8220;&#8220; last=&#8220;no&#8220;][fusion_title margin_top=&#8220;15px&#8220; margin_bottom=&#8220;&#8220; hide_on_mobile=&#8220;small-visibility,medium-visibility,large-visibility&#8220; class=&#8220;&#8220; id=&#8220;&#8220; size=&#8220;2&#8243; content_align=&#8220;center&#8220; style_type=&#8220;none&#8220; sep_color=&#8220;&#8220;]Haben Sie Fragen oder be\u00f6tigen Sie ein Angebot? Rufen Sie uns unter +49(0)8443 91741-11 an oder kontaktieren Sie uns \u00fcber unser Kontaktformular auf der Seite Kontakt![\/fusion_title][fusion_button link=&#8220;https:\/\/rftech.info\/kontakt-2\/&#8220; text_transform=&#8220;&#8220; title=&#8220;Nehmen Sie Kontakt mit uns auf&#8220; target=&#8220;_self&#8220; link_attributes=&#8220;&#8220; alignment=&#8220;center&#8220; modal=&#8220;&#8220; hide_on_mobile=&#8220;small-visibility,medium-visibility,large-visibility&#8220; class=&#8220;&#8220; id=&#8220;&#8220; color=&#8220;default&#8220; button_gradient_top_color=&#8220;&#8220; button_gradient_bottom_color=&#8220;&#8220; button_gradient_top_color_hover=&#8220;&#8220; button_gradient_bottom_color_hover=&#8220;&#8220; accent_color=&#8220;&#8220; accent_hover_color=&#8220;&#8220; type=&#8220;&#8220; bevel_color=&#8220;&#8220; border_width=&#8220;&#8220; border_radius=&#8220;&#8220; border_color=&#8220;&#8220; border_hover_color=&#8220;&#8220; size=&#8220;&#8220; stretch=&#8220;default&#8220; icon=&#8220;&#8220; icon_position=&#8220;left&#8220; icon_divider=&#8220;no&#8220; animation_type=&#8220;&#8220; animation_direction=&#8220;left&#8220; animation_speed=&#8220;0.3&#8243; animation_offset=&#8220;&#8220;]Zum Kontaktformular[\/fusion_button][\/fusion_builder_column][fusion_builder_column type=&#8220;1_3&#8243; layout=&#8220;1_3&#8243; spacing=&#8220;&#8220; center_content=&#8220;no&#8220; link=&#8220;&#8220; target=&#8220;_self&#8220; min_height=&#8220;&#8220; hide_on_mobile=&#8220;small-visibility,medium-visibility,large-visibility&#8220; class=&#8220;&#8220; id=&#8220;&#8220; background_color=&#8220;&#8220; background_image=&#8220;&#8220; background_position=&#8220;left top&#8220; background_repeat=&#8220;no-repeat&#8220; hover_type=&#8220;none&#8220; border_size=&#8220;0&#8243; border_color=&#8220;&#8220; border_style=&#8220;solid&#8220; border_position=&#8220;all&#8220; padding_top=&#8220;&#8220; padding_right=&#8220;&#8220; padding_bottom=&#8220;&#8220; padding_left=&#8220;&#8220; margin_top=&#8220;&#8220; margin_bottom=&#8220;&#8220; animation_type=&#8220;&#8220; animation_direction=&#8220;left&#8220; animation_speed=&#8220;0.3&#8243; animation_offset=&#8220;&#8220; last=&#8220;no&#8220;][fusion_imageframe image_id=&#8220;33|full&#8220; max_width=&#8220;&#8220; style_type=&#8220;none&#8220; blur=&#8220;&#8220; stylecolor=&#8220;&#8220; hover_type=&#8220;none&#8220; bordersize=&#8220;&#8220; bordercolor=&#8220;&#8220; borderradius=&#8220;&#8220; align=&#8220;none&#8220; lightbox=&#8220;no&#8220; gallery_id=&#8220;&#8220; lightbox_image=&#8220;&#8220; lightbox_image_id=&#8220;&#8220; alt=&#8220;&#8220; link=&#8220;&#8220; linktarget=&#8220;_self&#8220; hide_on_mobile=&#8220;small-visibility,medium-visibility,large-visibility&#8220; class=&#8220;&#8220; id=&#8220;&#8220; animation_type=&#8220;&#8220; animation_direction=&#8220;left&#8220; animation_speed=&#8220;0.3&#8243; animation_offset=&#8220;&#8220;]https:\/\/rftech.info\/wp-content\/uploads\/logo.png[\/fusion_imageframe][\/fusion_builder_column][\/fusion_builder_row][\/fusion_builder_container]<\/p>\n","protected":false},"excerpt":{"rendered":"<p>[fusion_builder_container hundred_percent=&#8220;no&#8220; hundred_percent_height=&#8220;no&#8220; hundred_percent_height_scroll=&#8220;no&#8220; hundred_percent_height_center_content=&#8220;yes&#8220; equal_height_columns=&#8220;no&#8220; menu_anchor=&#8220;&#8220; hide_on_mobile=&#8220;small-visibility,medium-visibility,large-visibility&#8220; class=&#8220;&#8220; id=&#8220;&#8220; background_color=&#8220;&#8220; background_image=&#8220;&#8220; background_position=&#8220;center center&#8220; background_repeat=&#8220;no-repeat&#8220; fade=&#8220;no&#8220; background_parallax=&#8220;none&#8220; enable_mobile=&#8220;no&#8220; parallax_speed=&#8220;0.3&#8243; video_mp4=&#8220;&#8220; video_webm=&#8220;&#8220; video_ogv=&#8220;&#8220; video_url=&#8220;&#8220; video_aspect_ratio=&#8220;16:9&#8243; video_loop=&#8220;yes&#8220; video_mute=&#8220;yes&#8220; video_preview_image=&#8220;&#8220; border_size=&#8220;&#8220; border_color=&#8220;&#8220; border_style=&#8220;solid&#8220; margin_top=&#8220;&#8220; margin_bottom=&#8220;&#8220; padding_top=&#8220;&#8220; padding_right=&#8220;&#8220; padding_bottom=&#8220;&#8220; padding_left=&#8220;&#8220;][fusion_builder_row][fusion_builder_column type=&#8220;1_3&#8243; layout=&#8220;1_3&#8243; spacing=&#8220;&#8220; center_content=&#8220;no&#8220; link=&#8220;&#8220; target=&#8220;_self&#8220; min_height=&#8220;&#8220; hide_on_mobile=&#8220;small-visibility,medium-visibility,large-visibility&#8220; class=&#8220;&#8220; id=&#8220;&#8220; background_color=&#8220;&#8220; background_image=&#8220;&#8220; background_position=&#8220;left top&#8220; background_repeat=&#8220;no-repeat&#8220; hover_type=&#8220;none&#8220; border_size=&#8220;0&#8243; border_color=&#8220;&#8220; border_style=&#8220;solid&#8220; [&hellip;]<\/p>\n","protected":false},"author":1,"featured_media":0,"parent":2062,"menu_order":0,"comment_status":"closed","ping_status":"closed","template":"100-width.php","meta":{"_et_pb_use_builder":"","_et_pb_old_content":"","_et_gb_content_width":"","inline_featured_image":false,"footnotes":""},"class_list":["post-2085","page","type-page","status-publish","hentry"],"_links":{"self":[{"href":"https:\/\/rft.gon3.de\/index.php\/wp-json\/wp\/v2\/pages\/2085","targetHints":{"allow":["GET"]}}],"collection":[{"href":"https:\/\/rft.gon3.de\/index.php\/wp-json\/wp\/v2\/pages"}],"about":[{"href":"https:\/\/rft.gon3.de\/index.php\/wp-json\/wp\/v2\/types\/page"}],"author":[{"embeddable":true,"href":"https:\/\/rft.gon3.de\/index.php\/wp-json\/wp\/v2\/users\/1"}],"replies":[{"embeddable":true,"href":"https:\/\/rft.gon3.de\/index.php\/wp-json\/wp\/v2\/comments?post=2085"}],"version-history":[{"count":0,"href":"https:\/\/rft.gon3.de\/index.php\/wp-json\/wp\/v2\/pages\/2085\/revisions"}],"up":[{"embeddable":true,"href":"https:\/\/rft.gon3.de\/index.php\/wp-json\/wp\/v2\/pages\/2062"}],"wp:attachment":[{"href":"https:\/\/rft.gon3.de\/index.php\/wp-json\/wp\/v2\/media?parent=2085"}],"curies":[{"name":"wp","href":"https:\/\/api.w.org\/{rel}","templated":true}]}}