{"id":2099,"date":"2018-07-09T20:36:50","date_gmt":"2018-07-09T20:36:50","guid":{"rendered":"https:\/\/rft.dev-brookdesign.de\/?page_id=2099"},"modified":"2018-07-09T20:36:50","modified_gmt":"2018-07-09T20:36:50","slug":"sonderkonstruktionen","status":"publish","type":"page","link":"https:\/\/rft.gon3.de\/index.php\/service\/sonderkonstruktionen\/","title":{"rendered":"Sonderkonstruktionen"},"content":{"rendered":"<p>[fusion_builder_container hundred_percent=&#8220;no&#8220; hundred_percent_height=&#8220;no&#8220; hundred_percent_height_scroll=&#8220;no&#8220; hundred_percent_height_center_content=&#8220;yes&#8220; equal_height_columns=&#8220;no&#8220; menu_anchor=&#8220;&#8220; hide_on_mobile=&#8220;small-visibility,medium-visibility,large-visibility&#8220; class=&#8220;&#8220; id=&#8220;&#8220; background_color=&#8220;&#8220; background_image=&#8220;&#8220; background_position=&#8220;center center&#8220; background_repeat=&#8220;no-repeat&#8220; fade=&#8220;no&#8220; background_parallax=&#8220;none&#8220; enable_mobile=&#8220;no&#8220; parallax_speed=&#8220;0.3&#8243; video_mp4=&#8220;&#8220; video_webm=&#8220;&#8220; video_ogv=&#8220;&#8220; video_url=&#8220;&#8220; video_aspect_ratio=&#8220;16:9&#8243; video_loop=&#8220;yes&#8220; video_mute=&#8220;yes&#8220; video_preview_image=&#8220;&#8220; border_size=&#8220;&#8220; border_color=&#8220;&#8220; border_style=&#8220;solid&#8220; margin_top=&#8220;&#8220; margin_bottom=&#8220;&#8220; padding_top=&#8220;&#8220; padding_right=&#8220;&#8220; padding_bottom=&#8220;&#8220; padding_left=&#8220;&#8220;][fusion_builder_row][fusion_builder_column type=&#8220;1_1&#8243; layout=&#8220;1_1&#8243; spacing=&#8220;&#8220; center_content=&#8220;no&#8220; link=&#8220;&#8220; target=&#8220;_self&#8220; min_height=&#8220;&#8220; hide_on_mobile=&#8220;small-visibility,medium-visibility,large-visibility&#8220; class=&#8220;&#8220; id=&#8220;&#8220; background_color=&#8220;&#8220; background_image=&#8220;&#8220; background_position=&#8220;left top&#8220; background_repeat=&#8220;no-repeat&#8220; hover_type=&#8220;none&#8220; border_size=&#8220;0&#8243; border_color=&#8220;&#8220; border_style=&#8220;solid&#8220; border_position=&#8220;all&#8220; padding_top=&#8220;&#8220; padding_right=&#8220;&#8220; padding_bottom=&#8220;&#8220; padding_left=&#8220;&#8220; dimension_margin=&#8220;&#8220; animation_type=&#8220;&#8220; animation_direction=&#8220;left&#8220; animation_speed=&#8220;0.3&#8243; animation_offset=&#8220;&#8220; last=&#8220;no&#8220;][fusion_text columns=&#8220;&#8220; column_min_width=&#8220;&#8220; column_spacing=&#8220;&#8220; rule_style=&#8220;default&#8220; rule_size=&#8220;&#8220; rule_color=&#8220;&#8220; class=&#8220;&#8220; id=&#8220;&#8220;]<\/p>\n<div class=\"entry-content\">\n<p>Vor Jahren haben wir mit der kundenspezifischen Entwicklungen kleiner TENS- (Transkutane Elektrische NervenStimulation) und FMS- (Funktionelle MuskelStimulation) Ger\u00e4te begonnen und in Verbindung mit der Reha-Technik, wurde die Medizintechnik zu einem umfangreichen Arbeitsgebiet. Neben immer noch kundenspezifischen Entwicklungen auf den Gebieten<\/p>\n<ul>\n<li>Reizstromger\u00e4te (TENS, FES)<\/li>\n<li>medizinische Messtechnik (EMG, EKG etc.)<\/li>\n<li>medizinische Datenlogger (Aktometer, Tremometer etc.)<\/li>\n<\/ul>\n<p>bieten wir als OEM-Produkte auch abgeschlossene Eigenentwicklungen an:<\/p>\n<p>Aktometer ein 1 bis 3 achsiges Aktometermodul mit minimaler Leistungsaufnahme und Datenspeicher f\u00fcr mehrere Monate Tremorlogger als kleines Modul f\u00fcr z.B. die optimierte Behandlung des Morbus Parkinson:<\/p>\n<p>Eine aktuelle Eigenentwicklung ist das Biometrie-Monitor\/Logging-System als universelles, erweiterbares Biometriedaten-Erfassungssystem (EEG, EKG, EMG etc.) alternativ am USB-Anschlu\u00df eines PCs (mit eigener galvanischer Trennung) oder als autark aufzeichnendes Ger\u00e4t.<\/p>\n<p><strong>Tremor-Logger:<\/strong><\/p>\n<p>Der Tremor-Logger 0305tre ist ein neues und preiswertes Diagnose- und Therapie-Hilfsmittel zur Behandlung des Morbus Parkinson. Als Langzeit-Aufzeichnungssystem dem Patienten in die Hand gegeben, dient es der Beobachtung und Aufzeichnung des Krankheitsverlaufes und erm\u00f6glicht damit z.B. die Bestimmung der optimalen Medikamentierung.<\/p>\n<p>Tremor-Frequenz und -Amplitude werden pr\u00e4zise gemessen (0.01 Hz bzw. 0.1 mm Aufl\u00f6sung) und aufgezeichnet. Das Auslesen der Daten sowie ggf. die Archivierung und Auswertung erfolgen mit einem handels\u00fcblichen PC (Linux oder MAC) Der Tremor-Logger 0305tre ist ein neues und preiswertes Diagnose- und Therapie-Hilfsmittel zur Behandlung des Morbus Parkinson.<\/p>\n<p>Sehr hohe Empfindlichkeit des integrierten Beschleunigungsaufnehmers (ca. 1 mm\/s2, entsprechend etwa 0.05 mm sinusf\u00f6rmiger Auslenkung mit 1 Hz) bei gleichzeitig minimaler Leistungsaufnahme (ca. 200 \u00b5W) und sehr einfacher Speisung (3V-Lithium-Batterie oder 4V-LiIon-Akkumulator). Kontinuierliche Aufzeichnung der dominierenden Tremorfrequenz und Tremoramplitude \u00fcber bis zu 3 Monate (oder mehr). Software zur optionalen Fern\u00fcbertragung der Daten unter Zuhilfenahme eines Patienten-PC ist in Vorbereitung.<\/p>\n<\/div>\n<p>[\/fusion_text][\/fusion_builder_column][\/fusion_builder_row][\/fusion_builder_container]<\/p>\n","protected":false},"excerpt":{"rendered":"<p>[fusion_builder_container hundred_percent=&#8220;no&#8220; hundred_percent_height=&#8220;no&#8220; hundred_percent_height_scroll=&#8220;no&#8220; hundred_percent_height_center_content=&#8220;yes&#8220; equal_height_columns=&#8220;no&#8220; menu_anchor=&#8220;&#8220; hide_on_mobile=&#8220;small-visibility,medium-visibility,large-visibility&#8220; class=&#8220;&#8220; id=&#8220;&#8220; background_color=&#8220;&#8220; background_image=&#8220;&#8220; background_position=&#8220;center center&#8220; background_repeat=&#8220;no-repeat&#8220; fade=&#8220;no&#8220; background_parallax=&#8220;none&#8220; enable_mobile=&#8220;no&#8220; parallax_speed=&#8220;0.3&#8243; video_mp4=&#8220;&#8220; video_webm=&#8220;&#8220; video_ogv=&#8220;&#8220; video_url=&#8220;&#8220; video_aspect_ratio=&#8220;16:9&#8243; video_loop=&#8220;yes&#8220; video_mute=&#8220;yes&#8220; video_preview_image=&#8220;&#8220; border_size=&#8220;&#8220; border_color=&#8220;&#8220; border_style=&#8220;solid&#8220; margin_top=&#8220;&#8220; margin_bottom=&#8220;&#8220; padding_top=&#8220;&#8220; padding_right=&#8220;&#8220; padding_bottom=&#8220;&#8220; padding_left=&#8220;&#8220;][fusion_builder_row][fusion_builder_column type=&#8220;1_1&#8243; layout=&#8220;1_1&#8243; spacing=&#8220;&#8220; center_content=&#8220;no&#8220; link=&#8220;&#8220; target=&#8220;_self&#8220; min_height=&#8220;&#8220; hide_on_mobile=&#8220;small-visibility,medium-visibility,large-visibility&#8220; class=&#8220;&#8220; id=&#8220;&#8220; background_color=&#8220;&#8220; background_image=&#8220;&#8220; background_position=&#8220;left top&#8220; background_repeat=&#8220;no-repeat&#8220; hover_type=&#8220;none&#8220; border_size=&#8220;0&#8243; border_color=&#8220;&#8220; border_style=&#8220;solid&#8220; [&hellip;]<\/p>\n","protected":false},"author":1,"featured_media":0,"parent":2089,"menu_order":0,"comment_status":"closed","ping_status":"closed","template":"100-width.php","meta":{"_et_pb_use_builder":"","_et_pb_old_content":"","_et_gb_content_width":"","inline_featured_image":false,"footnotes":""},"class_list":["post-2099","page","type-page","status-publish","hentry"],"_links":{"self":[{"href":"https:\/\/rft.gon3.de\/index.php\/wp-json\/wp\/v2\/pages\/2099","targetHints":{"allow":["GET"]}}],"collection":[{"href":"https:\/\/rft.gon3.de\/index.php\/wp-json\/wp\/v2\/pages"}],"about":[{"href":"https:\/\/rft.gon3.de\/index.php\/wp-json\/wp\/v2\/types\/page"}],"author":[{"embeddable":true,"href":"https:\/\/rft.gon3.de\/index.php\/wp-json\/wp\/v2\/users\/1"}],"replies":[{"embeddable":true,"href":"https:\/\/rft.gon3.de\/index.php\/wp-json\/wp\/v2\/comments?post=2099"}],"version-history":[{"count":0,"href":"https:\/\/rft.gon3.de\/index.php\/wp-json\/wp\/v2\/pages\/2099\/revisions"}],"up":[{"embeddable":true,"href":"https:\/\/rft.gon3.de\/index.php\/wp-json\/wp\/v2\/pages\/2089"}],"wp:attachment":[{"href":"https:\/\/rft.gon3.de\/index.php\/wp-json\/wp\/v2\/media?parent=2099"}],"curies":[{"name":"wp","href":"https:\/\/api.w.org\/{rel}","templated":true}]}}