{"id":2641,"date":"2019-02-10T12:32:06","date_gmt":"2019-02-10T11:32:06","guid":{"rendered":"https:\/\/rftech.info\/?page_id=2641"},"modified":"2019-02-10T12:32:06","modified_gmt":"2019-02-10T11:32:06","slug":"agbs","status":"publish","type":"page","link":"https:\/\/rft.gon3.de\/index.php\/agbs\/","title":{"rendered":"AGB\u00b4s"},"content":{"rendered":"<p>[fusion_builder_container hundred_percent=&#8220;no&#8220; hundred_percent_height=&#8220;no&#8220; hundred_percent_height_scroll=&#8220;no&#8220; hundred_percent_height_center_content=&#8220;yes&#8220; equal_height_columns=&#8220;no&#8220; menu_anchor=&#8220;&#8220; hide_on_mobile=&#8220;small-visibility,medium-visibility,large-visibility&#8220; status=&#8220;published&#8220; publish_date=&#8220;&#8220; class=&#8220;&#8220; id=&#8220;&#8220; background_color=&#8220;&#8220; background_image=&#8220;&#8220; background_position=&#8220;center center&#8220; background_repeat=&#8220;no-repeat&#8220; fade=&#8220;no&#8220; background_parallax=&#8220;none&#8220; enable_mobile=&#8220;no&#8220; parallax_speed=&#8220;0.3&#8243; video_mp4=&#8220;&#8220; video_webm=&#8220;&#8220; video_ogv=&#8220;&#8220; video_url=&#8220;&#8220; video_aspect_ratio=&#8220;16:9&#8243; video_loop=&#8220;yes&#8220; video_mute=&#8220;yes&#8220; video_preview_image=&#8220;&#8220; border_size=&#8220;&#8220; border_color=&#8220;&#8220; border_style=&#8220;solid&#8220; margin_top=&#8220;&#8220; margin_bottom=&#8220;&#8220; padding_top=&#8220;&#8220; padding_right=&#8220;&#8220; padding_bottom=&#8220;&#8220; padding_left=&#8220;&#8220;][fusion_builder_row][fusion_builder_column type=&#8220;1_1&#8243; layout=&#8220;1_1&#8243; spacing=&#8220;&#8220; center_content=&#8220;no&#8220; link=&#8220;&#8220; target=&#8220;_self&#8220; min_height=&#8220;&#8220; hide_on_mobile=&#8220;small-visibility,medium-visibility,large-visibility&#8220; class=&#8220;&#8220; id=&#8220;&#8220; background_color=&#8220;&#8220; background_image=&#8220;&#8220; background_image_id=&#8220;&#8220; background_position=&#8220;left top&#8220; background_repeat=&#8220;no-repeat&#8220; hover_type=&#8220;none&#8220; border_size=&#8220;0&#8243; border_color=&#8220;&#8220; border_style=&#8220;solid&#8220; border_position=&#8220;all&#8220; padding_top=&#8220;&#8220; padding_right=&#8220;&#8220; padding_bottom=&#8220;&#8220; padding_left=&#8220;&#8220; margin_top=&#8220;&#8220; margin_bottom=&#8220;&#8220; animation_type=&#8220;&#8220; animation_direction=&#8220;left&#8220; animation_speed=&#8220;0.3&#8243; animation_offset=&#8220;&#8220; last=&#8220;no&#8220;][fusion_text columns=&#8220;&#8220; column_min_width=&#8220;&#8220; column_spacing=&#8220;&#8220; rule_style=&#8220;default&#8220; rule_size=&#8220;&#8220; rule_color=&#8220;&#8220; hide_on_mobile=&#8220;small-visibility,medium-visibility,large-visibility&#8220; class=&#8220;&#8220; id=&#8220;&#8220; animation_type=&#8220;&#8220; animation_direction=&#8220;left&#8220; animation_speed=&#8220;0.3&#8243; animation_offset=&#8220;&#8220;]<\/p>\n<h2>AGB<\/h2>\n<p><strong>1. Geltungsbereich<\/strong><\/p>\n<p>Durch Bestellung erkennt der Nutzer, sei es als Anbieter oder als Suchender, die Geltung dieser Allgemeinen Nutzungs- und Gesch\u00e4ftsbedingungen in der jeweils g\u00fcltigen Fassung ausdr\u00fccklich an. Nebenabreden bed\u00fcrfen einer schriftlichen Best\u00e4tigung durch uns. Die nachstehenden Bedingungen gelten f\u00fcr alle Lieferungen, ohne dass diese nochmals ausdr\u00fccklich vereinbart werden m\u00fcssen.<\/p>\n<p><strong>2. Zustandekommen des Vertrages<\/strong><\/p>\n<p>Unsere Angebote sind unverbindlich. Die Bestellung ist ein bindendes Angebot und wird mit Zugang per Fax, Brief, E-Mail rechtswirksam. Zu einem Kaufvertragsabschluss kommt es, wenn wir die Bestellung m\u00fcndlich, schriftlich oder per E-Mail best\u00e4tigen. Bei unseren Angeboten handelt es sich \u00fcberwiegend um Gebraucht-Ersatzteile, die fachgerecht demontiert und nach definierten Qualit\u00e4tskriterien gepr\u00fcft werden. Die Einhaltung unserer Lieferverpflichtung setzt die Verf\u00fcgbarkeit der bestellten Waren voraus. Im Falle der Nichtverf\u00fcgbarkeit wird der Besteller umgehend in Kenntnis gesetzt. Eine Garantie f\u00fcr eine grunds\u00e4tzliche Verf\u00fcgbarkeit angefragter Gebrauchtteile wird nicht \u00fcbernommen.<\/p>\n<p><strong>3. Datenschutz<\/strong><\/p>\n<p>Zur Bearbeitung und Durchf\u00fchrung einer Bestellung m\u00fcssen wir personenbezogene Daten erheben und speichern. Wir sichern die streng vertrauliche Behandlung der erhobenen Daten im Rahmen des technisch M\u00f6glichen zu. Insbesondere verpflichten wir uns, diese Daten nicht an Dritte, welche mit der Bestellung und Lieferung nicht befasst sind, weiterzugeben. Mit der Speicherung pers\u00f6nlicher Daten erkl\u00e4rt sich der Kunde ab Zustandekommen des Vertrages auf Grundlage dieser Gesch\u00e4ftsbedingungen einverstanden.<\/p>\n<p><strong>4. Missachtung der AGB\u00b4s<\/strong><\/p>\n<p>Folgen der Missachtung dieser Allgemeinen Nutzungs- und Gesch\u00e4ftsbedingungen d\u00fcrfen wir Angebote ablehnen, \u00e4ndern oder vollst\u00e4ndig l\u00f6schen, das Vertragsverh\u00e4ltnis aus wichtigem Grunde ohne Einhaltung einer Frist k\u00fcndigen und Firmen auf Dauer ausschlie\u00dfen. Dies gilt insbesondere, wenn Firmen diesen Allgemeinen Nutzungs- und Gesch\u00e4ftsbedingungen zuwiderhandelt oder in anderer Form das System missbraucht oder die Begleichung von Forderungen unberechtigterweise verweigert.<\/p>\n<p><strong>5. Preise und Zahlungsbedingungen<\/strong><\/p>\n<p>Die Bezahlung der Ware erfolgt in der Regel per \u00dcberweisung innerhalb 4 Wochen nach der Zustellung bzw. Leistungen \u2013 ohne Abzug. In Einzelf\u00e4llen kann Ware auch per Nachnahme versendet werden. Die Nachnahmegeb\u00fchren gehen zu Lasten des K\u00e4ufers.<\/p>\n<p><strong>6. Versandkosten je Bestellung<\/strong><\/p>\n<p>Im Kaufpreis unabh\u00e4ngig vom Bestellwert sind die Versandkosten enthalten. Sendet der Kunde die Ware aufgrund eines Widerrufs und R\u00fcckgaberechts bei Verbrauchervertr\u00e4gen an uns zur\u00fcck, hat der Kunde die Kosten f\u00fcr die R\u00fccksendung zu tragen, es sei denn, dass die gelieferte Ware in keinster Weise der bestellten entspricht.<\/p>\n<p><strong>7. Gew\u00e4hrleistung<\/strong><\/p>\n<p>F\u00fcr die Richtigkeit und den Inhalt der Angebote kann keine Gew\u00e4hr \u00fcbernommen werden. RFT haftet nicht f\u00fcr Sch\u00e4den aus gek\u00fcrzter oder verf\u00e4lschter Erscheinung von Angeboten oder aus der missbr\u00e4uchlichen Verwendung von Daten durch Dritte.<\/p>\n<p><strong>8. Lieferung<\/strong><\/p>\n<p>Liefer- und Leistungsverz\u00f6gerungen infolge h\u00f6herer Gewalt, wie w\u00e4hrungs- und handelspolitische oder sonstige Ma\u00dfnahmen, Streiks, Aussperrungen, sowie Betriebsst\u00f6rungen, wie z.B. Feuer, Behinderung der Verkehrswege oder \u00e4hnliche nicht in unserem Machtbereich fallende Umst\u00e4nde entheben uns f\u00fcr die Dauer der Behinderung von den eingegangenen Lieferverbindlichkeiten. Diese Umst\u00e4nde berechtigen uns dar\u00fcber hinaus zum R\u00fccktritt vom Vertrag. Wir sind jederzeit zu Teillieferungen und Teilleistungen berechtigt, es sei denn, diese sind f\u00fcr den Kunden nicht von Interesse.<\/p>\n<p><strong>9. Gefahr\u00fcbergang<\/strong><\/p>\n<p>Der Kunde ist zur Abnahme der Ware verpflichtet, wenn diese nicht mit M\u00e4ngeln behaftet ist, die die Gebrauchsf\u00e4higkeit beeintr\u00e4chtigen. Sonstige Regressanspr\u00fcche sind ausgeschlossen. Wird die Abnahme schuldhaft verweigert, so k\u00f6nnen wir eine Nachfrist von 8 Werktagen setzen. Nach fruchtlosem Ablauf der Nachfrist sind wir berechtigt, vom Vertrag zur\u00fcckzutreten und Schadenersatz wegen Nichterf\u00fcllung zu verlangen. Der Schadenersatz betr\u00e4gt 25 % des vereinbarten Kaufpreises.<\/p>\n<p><strong>10. Eigentumsvorbehalt<\/strong><\/p>\n<p>Wir behalten uns das Eigentum an der Kaufsache bis zum Eingang aller Zahlungen aus dem Vertrag vor. Bei laufender Rechnung gilt das vorhandene Eigentum als Sicherung des jeweiligen Saldos. Im kaufm\u00e4nnischen Verkehr erstreckt sich der Eigentumsvorbehalt auf s\u00e4mtliche Forderungen, die wir gegen\u00fcber dem Kunden haben, gleich aus welchem Rechtsgrund. Bei vertragswidrigem Verhalten des Kunden sind wir berechtigt, die Kaufsache zur\u00fcckzunehmen und nach Ank\u00fcndigung und Fristsetzung zur freih\u00e4ndigen Verwertung der Kaufsache unter Anrechnung des Verwertungserl\u00f6ses auf den Kaufpreis berechtigt. Die Kosten der R\u00fccknahme und Verwertung tr\u00e4gt der Kunde. Die Aus\u00fcbung unserer Rechte aus dem Eigentumsvorbehalt bedeutet nicht den R\u00fccktritt vom Vertrag, es sei denn, es handelt sich um ein Verbraucherkreditgesch\u00e4ft. In diesem Fall gelten die Vorschriften der \u00a7\u00a7 346ff BGB zu den Verbraucherkreditvertr\u00e4gen.<\/p>\n<p>Einfacher Eigentumsvorbehalt: Bis zur vollst\u00e4ndigen Zahlung des Kaufpreises bleibt die gelieferte Ware unser Eigentum. Der K\u00e4ufer verpflichtet sich bis zur vollst\u00e4ndigen Bezahlung des Kaufpreises der durch Verkauf, Verpf\u00e4ndung, Vermietung, Verleihung oder in sonstiger Weise \u00fcber die Ware zu verf\u00fcgen.<\/p>\n<p><strong>11. Gew\u00e4hrleistung<\/strong><\/p>\n<p>S\u00e4mtliche den Waren z.B. Gebraucht-Ersatzteile oder Maschinen zugrundeliegenden Beschreibungen \u00fcber Aussehen, Leistungen, Ma\u00dfe und Gewicht sind Beschaffenheitsangaben. Sie stellen keine zugesicherten Eigenschaften dar. Sie dienen als Ma\u00dfstab zur Feststellung, ob der Kaufgegenstand fehlerfrei ist. Wir \u00fcbernehmen im Rahmen der gesetzlichen Bestimmungen die Gew\u00e4hrleistung f\u00fcr die Funktionst\u00fcchtigkeit der Ware zum Zeitpunkt des Gefahr\u00fcberganges unter der Voraussetzung, dass die Ware innerhalb von 1 Woche nach Gefahr\u00fcbergang fachgerecht (nachweispflichtig) eingebaut wird.<\/p>\n<p>Wir weisen darauf hin das unsere gebrauchten Waren nicht dem Standart von Neuen entsprechen. Die Gew\u00e4hrleistungsfrist betr\u00e4gt ein Jahr ab Gefahr\u00fcbergang. M\u00e4ngel m\u00fcssen vom K\u00e4ufer unter sofortiger Einstellung der Be- und Verarbeitung unverz\u00fcglich schriftlich ger\u00fcgt werden. F\u00fcr Unternehmen gilt, dass der Kunde nicht zur Zur\u00fcckhaltung \u2013 auch nicht zur teilweisen \u2013 des Kaufpreises oder zur Aufrechnung mit Gegenanspr\u00fcchen berechtigt ist. Wir behalten uns vor, einen unabh\u00e4ngigen Gutachter mit der Pr\u00fcfung von behaupteten M\u00e4ngeln zu beauftragen. Erweist sich die Beanstandung des Kunden als unbegr\u00fcndet, tr\u00e4gt er die Kosten f\u00fcr notwendig gewordene Transporte, Gutachten und sonstigen entstandenen Arbeitsaufwand. F\u00fcr Um- und Einbaukosten wird kein Ersatz erstattet. Bei Eintritt eines Mangels w\u00e4hrend der Gew\u00e4hrleistungszeit ist dieser unverz\u00fcglich anzuzeigen. Bei vorliegen eines Mangels, der in der Garantiezeit auftritt und entsprechend den obigen Bedingungen ger\u00fcgt wird, leistet der Anbieter nach eigener Wahl R\u00fcckzahlung des Kaufpreises oder Lieferung eines Ersatzteiles. Das ersatzweise zu liefernde Teil muss in etwa gleichwertig sein. Weitergehende Anspr\u00fcche des Verk\u00e4ufers werden ausgeschlossen, soweit der Anbieter nicht Vorsatz oder grobe Fahrl\u00e4ssigkeit zur Last f\u00e4llt.<\/p>\n<p><strong>12. Haftung<\/strong><\/p>\n<p>Schadensersatzanspr\u00fcche gegen RFT sind unabh\u00e4ngig vom Rechtsgrund ausgeschlossen, es sei denn wir haben vors\u00e4tzlich oder grob fahrl\u00e4ssig gehandelt oder die Schadensersatzforderungen resultieren aus der Verletzung einer zugesicherten Eigenschaft. Eine Haftung f\u00fcr entgangenen Gewinn, durch mittel- oder unmittelbare Folgesch\u00e4den ist ausdr\u00fccklich ausgeschlossen. Wir haften, au\u00dfer bei Personen und Sachsch\u00e4den, nur bis zur H\u00f6he des Auftragswertes.<\/p>\n<p><strong>13. Urheber- und Nutzungsrecht<\/strong><\/p>\n<p>Alle Informationen, Firmenzeichen, Texte, Programme und Bilder unterliegen dem Urheberrecht. Sie unterliegen dem Nutzungsrecht von RFT. Die Weiterverarbeitung und Nutzung in Medien aller Art durch Dritte ist nur mit schriftlicher Erlaubnis durch RFT gestattet. Die Rechte des Anbieters bleiben hiervon unber\u00fchrt. Insbesondere Angebote unterliegen dem ausschlie\u00dflichen Nutzungsrecht von RFT. Diese Angebote d\u00fcrfen einzeln und in der Gesamtheit nur mit schriftlicher Erlaubnis durch RFT von Dritten weiterverarbeitet oder auf anderen Internet-Seiten oder in anderen Medien publiziert werden.<\/p>\n<p><strong>14. Geltung deutschen Rechts<\/strong><\/p>\n<p>Es gilt deutsches Recht unter Ausschluss des UN-Kaufrechts.<\/p>\n<p><strong>15. Patente, Ausfuhrbestimmungen<\/strong><\/p>\n<p>Eine Haftung f\u00fcr Sch\u00e4den aus Patentverletzungen \u00fcbernimmt die Firma RFT nicht. Sind die gelieferten Erzeugnisse nach Entw\u00fcrfen oder Anweisungen des Auftraggebers gebaut worden, so hat dieser die Firma RFT von allen Forderungen, Verbindlichkeiten, Belastungen und Kosten freizustellen, die aufgrund von Verletzungen von Patenten, Warenzeichen oder Gebrauchsmustern von Dritten erhoben werden. Werden von der Firma RFT gelieferte Erzeugnisse vom Auftraggeber exportiert, so hat dieser bei der Ausfuhr die geltenden gesetzlichen Bestimmungen zu beachten.<\/p>\n<p><strong>16. Salvatorische Klausel<\/strong><\/p>\n<p>Die Nichtigkeit einzelner Bestimmungen dieser Allgemeinen Nutzungs- und Gesch\u00e4ftsbedingungen ber\u00fchrt die Wirksamkeit der anderen Bestimmungen nicht. Anstelle unwirksamer Bestimmungen treten in erster Linie solche, die den unwirksamen Bestimmungen am ehesten entsprechen und in zweiter Linie die gesetzlichen Bestimmungen.<\/p>\n<p><strong>17.<\/strong> <b>Streitbeilegung<\/b><\/p>\n<p>Die EU-Kommission hat eine Internetplattform zur Online-Beilegung von Streitigkeiten geschaffen. Die Plattform dient als Anlaufstelle zur au\u00dfergerichtlichen Beilegung von Streitigkeiten betreffend vertragliche Verpflichtungen, die aus Online-Kaufvertr\u00e4gen erwachsen. N\u00e4here Informationen sind unter dem folgenden Link verf\u00fcgbar: <a href=\"http:\/\/ec.europa.eu\/consumers\/odr\">http:\/\/ec.europa.eu\/consumers\/odr<\/a>. Zur Teilnahme an einem Streitbeilegungsverfahren vor einer Verbraucherschlichtungsstelle sind wir weder bereit noch verpflichtet.<\/p>\n<p>[\/fusion_text][\/fusion_builder_column][\/fusion_builder_row][\/fusion_builder_container]<\/p>\n","protected":false},"excerpt":{"rendered":"<p>[fusion_builder_container hundred_percent=&#8220;no&#8220; hundred_percent_height=&#8220;no&#8220; hundred_percent_height_scroll=&#8220;no&#8220; hundred_percent_height_center_content=&#8220;yes&#8220; equal_height_columns=&#8220;no&#8220; menu_anchor=&#8220;&#8220; hide_on_mobile=&#8220;small-visibility,medium-visibility,large-visibility&#8220; status=&#8220;published&#8220; publish_date=&#8220;&#8220; class=&#8220;&#8220; id=&#8220;&#8220; background_color=&#8220;&#8220; background_image=&#8220;&#8220; background_position=&#8220;center center&#8220; background_repeat=&#8220;no-repeat&#8220; fade=&#8220;no&#8220; background_parallax=&#8220;none&#8220; enable_mobile=&#8220;no&#8220; parallax_speed=&#8220;0.3&#8243; video_mp4=&#8220;&#8220; video_webm=&#8220;&#8220; video_ogv=&#8220;&#8220; video_url=&#8220;&#8220; video_aspect_ratio=&#8220;16:9&#8243; video_loop=&#8220;yes&#8220; video_mute=&#8220;yes&#8220; video_preview_image=&#8220;&#8220; border_size=&#8220;&#8220; border_color=&#8220;&#8220; border_style=&#8220;solid&#8220; margin_top=&#8220;&#8220; margin_bottom=&#8220;&#8220; padding_top=&#8220;&#8220; padding_right=&#8220;&#8220; padding_bottom=&#8220;&#8220; padding_left=&#8220;&#8220;][fusion_builder_row][fusion_builder_column type=&#8220;1_1&#8243; layout=&#8220;1_1&#8243; spacing=&#8220;&#8220; center_content=&#8220;no&#8220; link=&#8220;&#8220; target=&#8220;_self&#8220; min_height=&#8220;&#8220; hide_on_mobile=&#8220;small-visibility,medium-visibility,large-visibility&#8220; class=&#8220;&#8220; id=&#8220;&#8220; background_color=&#8220;&#8220; background_image=&#8220;&#8220; background_image_id=&#8220;&#8220; background_position=&#8220;left top&#8220; background_repeat=&#8220;no-repeat&#8220; hover_type=&#8220;none&#8220; [&hellip;]<\/p>\n","protected":false},"author":1,"featured_media":0,"parent":0,"menu_order":0,"comment_status":"closed","ping_status":"closed","template":"","meta":{"_et_pb_use_builder":"","_et_pb_old_content":"","_et_gb_content_width":"","inline_featured_image":false,"footnotes":""},"class_list":["post-2641","page","type-page","status-publish","hentry"],"_links":{"self":[{"href":"https:\/\/rft.gon3.de\/index.php\/wp-json\/wp\/v2\/pages\/2641","targetHints":{"allow":["GET"]}}],"collection":[{"href":"https:\/\/rft.gon3.de\/index.php\/wp-json\/wp\/v2\/pages"}],"about":[{"href":"https:\/\/rft.gon3.de\/index.php\/wp-json\/wp\/v2\/types\/page"}],"author":[{"embeddable":true,"href":"https:\/\/rft.gon3.de\/index.php\/wp-json\/wp\/v2\/users\/1"}],"replies":[{"embeddable":true,"href":"https:\/\/rft.gon3.de\/index.php\/wp-json\/wp\/v2\/comments?post=2641"}],"version-history":[{"count":0,"href":"https:\/\/rft.gon3.de\/index.php\/wp-json\/wp\/v2\/pages\/2641\/revisions"}],"wp:attachment":[{"href":"https:\/\/rft.gon3.de\/index.php\/wp-json\/wp\/v2\/media?parent=2641"}],"curies":[{"name":"wp","href":"https:\/\/api.w.org\/{rel}","templated":true}]}}